{"id":3258,"date":"2024-07-05T10:12:33","date_gmt":"2024-07-05T08:12:33","guid":{"rendered":"https:\/\/test.bustronome.com\/?page_id=3258"},"modified":"2024-07-05T14:55:00","modified_gmt":"2024-07-05T12:55:00","slug":"privatisez","status":"publish","type":"page","link":"https:\/\/test.bustronome.com\/en\/london\/privatisation\/","title":{"rendered":"Privatisez"},"content":{"rendered":"<div data-elementor-type=\"wp-page\" data-elementor-id=\"3258\" class=\"elementor elementor-3258\" data-elementor-post-type=\"page\">\n\t\t\t\t<div class=\"elementor-element elementor-element-bf5a6e3 e-flex e-con-boxed e-con e-parent\" data-id=\"bf5a6e3\" data-element_type=\"container\" data-settings=\"{&quot;background_background&quot;:&quot;classic&quot;,&quot;background_motion_fx_motion_fx_scrolling&quot;:&quot;yes&quot;,&quot;background_motion_fx_scale_effect&quot;:&quot;yes&quot;,&quot;background_motion_fx_scale_speed&quot;:{&quot;unit&quot;:&quot;px&quot;,&quot;size&quot;:6,&quot;sizes&quot;:[]},&quot;jet_parallax_layout_list&quot;:[],&quot;background_motion_fx_scale_direction&quot;:&quot;out-in&quot;,&quot;background_motion_fx_scale_range&quot;:{&quot;unit&quot;:&quot;%&quot;,&quot;size&quot;:&quot;&quot;,&quot;sizes&quot;:{&quot;start&quot;:20,&quot;end&quot;:80}},&quot;background_motion_fx_devices&quot;:[&quot;desktop&quot;,&quot;laptop&quot;,&quot;tablet_extra&quot;,&quot;tablet&quot;,&quot;mobile_extra&quot;,&quot;mobile&quot;]}\">\n\t\t\t\t\t<div class=\"e-con-inner\">\n\t\t\t\t<div class=\"elementor-element elementor-element-9d8b4b8 elementor-hidden-mobile_extra elementor-hidden-mobile elementor-widget elementor-widget-heading\" data-id=\"9d8b4b8\" data-element_type=\"widget\" data-widget_type=\"heading.default\">\n\t\t\t\t<div class=\"elementor-widget-container\">\n\t\t\t<div class=\"elementor-heading-title elementor-size-default\">PRIVATIZE THE BUSTRONOME<\/div>\t\t<\/div>\n\t\t\t\t<\/div>\n\t\t\t\t<div class=\"elementor-element elementor-element-d0b1ade elementor-widget elementor-widget-heading\" data-id=\"d0b1ade\" data-element_type=\"widget\" data-widget_type=\"heading.default\">\n\t\t\t\t<div class=\"elementor-widget-container\">\n\t\t\t<h1 class=\"elementor-heading-title elementor-size-default\">An extraordinary gastronomic journey,<br>\n<i>just for you<\/i><\/h1>\t\t<\/div>\n\t\t\t\t<\/div>\n\t\t\t\t\t<\/div>\n\t\t\t\t<\/div>\n\t\t<div class=\"elementor-element elementor-element-5c8572a e-flex e-con-boxed e-con e-parent\" data-id=\"5c8572a\" data-element_type=\"container\" data-settings=\"{&quot;background_background&quot;:&quot;classic&quot;,&quot;jet_parallax_layout_list&quot;:[]}\">\n\t\t\t\t\t<div class=\"e-con-inner\">\n\t\t\t\t<div class=\"elementor-element elementor-element-514f39c elementor-widget elementor-widget-heading\" data-id=\"514f39c\" data-element_type=\"widget\" data-widget_type=\"heading.default\">\n\t\t\t\t<div class=\"elementor-widget-container\">\n\t\t\t<div class=\"elementor-heading-title elementor-size-default\">Customized to meet your needs<\/div>\t\t<\/div>\n\t\t\t\t<\/div>\n\t\t\t\t<div class=\"elementor-element elementor-element-76b740f elementor-widget elementor-widget-heading\" data-id=\"76b740f\" data-element_type=\"widget\" data-widget_type=\"heading.default\">\n\t\t\t\t<div class=\"elementor-widget-container\">\n\t\t\t<h2 class=\"elementor-heading-title elementor-size-default\">London Tours for Groups, Birthdays, Unusual Conferences, Weddings...<\/h2>\t\t<\/div>\n\t\t\t\t<\/div>\n\t\t\t\t<div class=\"elementor-element elementor-element-660c328 elementor-widget elementor-widget-text-editor\" data-id=\"660c328\" data-element_type=\"widget\" data-widget_type=\"text-editor.default\">\n\t\t\t\t<div class=\"elementor-widget-container\">\n\t\t\t\t\t\t\t<p>You can choose your own departure and arrival point anywhere in central London. Every detail of your tour can be tailored to suit your style and preferences.<\/p>\t\t\t\t\t\t<\/div>\n\t\t\t\t<\/div>\n\t\t<div class=\"elementor-element elementor-element-dd03c3f e-con-full e-flex e-con e-child\" data-id=\"dd03c3f\" data-element_type=\"container\" data-settings=\"{&quot;jet_parallax_layout_list&quot;:[]}\">\n\t\t\t\t<div class=\"elementor-element elementor-element-e100d67 elementor-widget elementor-widget-text-editor\" data-id=\"e100d67\" data-element_type=\"widget\" data-widget_type=\"text-editor.default\">\n\t\t\t\t<div class=\"elementor-widget-container\">\n\t\t\t\t\t\t\t<ul><li>4 double-decker buses with 360\u00b0 panoramic views, each seating up to 38 people, tables for 2 to 8.<\/li><li>1 London tour lasting 2h30 to 3h00<\/li><li>Pick-up and drop-off locations and times in London on request (subject to vehicle accessibility).<\/li><li>7 days a week: breakfast, lunch, dinner.<\/li><li>French cuisine, fresh seasonal produce.<\/li><li>4-stage lunch: starter, fish, meat, dessert.<\/li><li>Dinner in 6 stages: amuse bouche, starter, fish, meat, cheese, dessert.<\/li><li>Food accompanied by a glass of champagne (dinner), 1 glass of white wine, 1 glass of red wine, water, coffee\/tea.<\/li><li>On request, we can adapt menus to take account of special dietary requirements or allergies.<\/li><li>1 top-of-the-range service provided by a qualified team.<\/li><li>Equipment: wifi, sound system with microphone<\/li><li>Changing room and toilet on board.<\/li><\/ul>\t\t\t\t\t\t<\/div>\n\t\t\t\t<\/div>\n\t\t\t\t<\/div>\n\t\t\t\t\t<\/div>\n\t\t\t\t<\/div>\n\t\t<div class=\"elementor-element elementor-element-be005e7 e-con-full e-flex e-con e-parent\" data-id=\"be005e7\" data-element_type=\"container\" data-settings=\"{&quot;background_background&quot;:&quot;classic&quot;,&quot;background_motion_fx_motion_fx_scrolling&quot;:&quot;yes&quot;,&quot;background_motion_fx_translateY_effect&quot;:&quot;yes&quot;,&quot;jet_parallax_layout_list&quot;:[],&quot;background_motion_fx_translateY_speed&quot;:{&quot;unit&quot;:&quot;px&quot;,&quot;size&quot;:4,&quot;sizes&quot;:[]},&quot;background_motion_fx_translateY_affectedRange&quot;:{&quot;unit&quot;:&quot;%&quot;,&quot;size&quot;:&quot;&quot;,&quot;sizes&quot;:{&quot;start&quot;:0,&quot;end&quot;:100}},&quot;background_motion_fx_devices&quot;:[&quot;desktop&quot;,&quot;laptop&quot;,&quot;tablet_extra&quot;,&quot;tablet&quot;,&quot;mobile_extra&quot;,&quot;mobile&quot;]}\">\n\t\t\t\t<div class=\"elementor-element elementor-element-a259b54 elementor-widget__width-initial v-play elementor-widget-divider--view-line elementor-widget elementor-widget-divider\" data-id=\"a259b54\" data-element_type=\"widget\" data-widget_type=\"divider.default\">\n\t\t\t\t<div class=\"elementor-widget-container\">\n\t\t\t\t\t<div class=\"elementor-divider\">\n\t\t\t<span class=\"elementor-divider-separator\">\n\t\t\t\t\t\t<\/span>\n\t\t<\/div>\n\t\t\t\t<\/div>\n\t\t\t\t<\/div>\n\t\t\t\t<\/div>\n\t\t<div class=\"elementor-element elementor-element-39e8f28 v-popup e-flex e-con-boxed e-con e-parent\" data-id=\"39e8f28\" data-element_type=\"container\" data-settings=\"{&quot;position&quot;:&quot;fixed&quot;,&quot;jet_parallax_layout_list&quot;:[]}\">\n\t\t\t\t\t<div class=\"e-con-inner\">\n\t\t\t\t<div class=\"elementor-element elementor-element-ff0ae23 v-video elementor-widget elementor-widget-html\" data-id=\"ff0ae23\" data-element_type=\"widget\" data-widget_type=\"html.default\">\n\t\t\t\t<div class=\"elementor-widget-container\">\n\t\t\t<link rel=\"stylesheet\" href=\"https:\/\/cdn.plyr.io\/3.7.2\/plyr.css\" \/>\n<script src=\"https:\/\/cdn.plyr.io\/3.7.2\/plyr.polyfilled.js\"><\/script>\n<div class=\"plyr__video-embed\" id=\"player-1\">\n  <iframe\n    src=\"https:\/\/www.youtube.com\/watch?v=gPPRteA1RFY&t?origin=https:\/\/plyr.io&amp;iv_load_policy=3&amp;modestbranding=1&amp;playsinline=1&amp;showinfo=0&amp;rel=0&amp;enablejsapi=1,\"\n    allowfullscreen\n allowtransparency\n allow=\"autoplay\"\n  ><\/iframe>\n<\/div>\n\n<style>\n:root{\n  --plyr-color-main: #B89161;\n  --plyr-font-family: \"Poppins\";\n  --plyr-control-icon-size: 20px;\n}\n.plyr input[type=range]::-webkit-slider-runnable-track{\n    box-shadow:none;\n}\n.plyr__control.plyr__control--overlaid{\n    height: 80px;\n    width: 80px !important;\n}\n.plyr__control.plyr__control--overlaid svg{\n    opacity: 0;\n}\n.plyr__control.plyr__control--overlaid:before{\n    content: \"\";\n    position: absolute;\n    top: calc(50% - 14px);\n    left: calc(50% - 8px);\n    border: 25px solid #fff;\n    border-top: 15px solid transparent;\n    border-bottom: 15px solid transparent;\n    border-right: 0 solid transparent;\n    transition: all 0.3s ease-in-out;\n}\n.plyr__controls{\n    opacity: 0;\n    pointer-events: none;\n    transition: all 0.3s ease-in-out, opacity 0s linear 0s !important;\n}\n.playing .plyr__controls{\n    opacity: 1;\n    pointer-events: initial;\n}\n@media (max-width: 767px){\n:root{\n  --plyr-control-icon-size: 18px;\n}\n.plyr__control.plyr__control--overlaid {\n    height: 50px;\n    width: 50px !important;\n}\n.plyr__control.plyr__control--overlaid:before {\n    top: calc(50% - 15px);\n    left: calc(50% - 10px);\n    transform: scale(0.7);\n}\nhtml.active{\n    overflow: hidden;\n}\n}\n<\/style>\n\n<script src=\"https:\/\/code.jquery.com\/jquery-3.6.0.min.js\"><\/script>\n<script>\n\n(function(){\n\nconst player = new Plyr('#player-1');\n\nvar $ = jQuery,\n    scrollLock = false,\n    scrollPos = 0,\n    playAmount = 0,\n    seeking = false\n    \n$(document).ready(function(){\n    \n    \nplayer.on('playing', (event) => {\n    \n    var delay\n    \n    if(playAmount == 0){\n        delay = 3000\n    }else{\n        delay = 0\n    }\n    setTimeout(function(){\n        \n    if( player.playing ) {\n        $('.v-popup').addClass('playing')    \n    }\n    },delay)\n    playAmount++\n})\n\nplayer.on('pause', (event) => {\n    setTimeout(function(){\n    if( ! seeking ) {\n    $('.v-popup').removeClass('playing')\n    }\n    },100)\n    \n})\n\nplayer.on('seeking', (event) => {\n    seeking = true\n    \n})\nplayer.on('seeked', (event) => {\n    setTimeout(function(){\n        seeking = false\n    },200)\n})\n    \n$('.v-play').on('click', function(){\n    \n    var popup = $(this).closest('.e-container, .e-con').nextAll('.v-popup').eq(0)\n    \n    $(this).addClass('active')\n    popup.addClass('active')\n    $('html').addClass('active')\n    if(player) {\n        player.stop()\n        player.play()\n    }\n    scrollLock = true\n    scrollPos = $(window).scrollTop()\n\n})\n\n$('.v-popup').on('click', function(e){\n    \n    if( $(e.target).closest('.v-video').length || $(e.target).is('.v-video') ){\n        return\n    }\n    $('.v-popup, .v-play').removeClass('active')\n    \n    if(player) {\n        player.pause()\n        setTimeout(function(){\n            player.stop()   \n            scrollLock = false\n            $('html').removeClass('active')\n        },500)\n    }\n})\n})\n\n$(window).on('scroll', function(){\n    if(scrollLock) $(window).scrollTop(scrollPos)\n})\n\n})()\n<\/script>\n\n\t\t<\/div>\n\t\t\t\t<\/div>\n\t\t<div class=\"elementor-element elementor-element-d91c883 e-con-full v-close e-flex e-con e-child\" data-id=\"d91c883\" data-element_type=\"container\" data-settings=\"{&quot;position&quot;:&quot;absolute&quot;,&quot;background_background&quot;:&quot;classic&quot;,&quot;jet_parallax_layout_list&quot;:[]}\">\n\t\t\t\t<div class=\"elementor-element elementor-element-d3de4be e-transform elementor-widget-divider--view-line elementor-widget elementor-widget-divider\" data-id=\"d3de4be\" data-element_type=\"widget\" data-settings=\"{&quot;_transform_rotateZ_effect&quot;:{&quot;unit&quot;:&quot;px&quot;,&quot;size&quot;:45,&quot;sizes&quot;:[]},&quot;_transform_rotateZ_effect_laptop&quot;:{&quot;unit&quot;:&quot;deg&quot;,&quot;size&quot;:&quot;&quot;,&quot;sizes&quot;:[]},&quot;_transform_rotateZ_effect_tablet_extra&quot;:{&quot;unit&quot;:&quot;deg&quot;,&quot;size&quot;:&quot;&quot;,&quot;sizes&quot;:[]},&quot;_transform_rotateZ_effect_tablet&quot;:{&quot;unit&quot;:&quot;deg&quot;,&quot;size&quot;:&quot;&quot;,&quot;sizes&quot;:[]},&quot;_transform_rotateZ_effect_mobile_extra&quot;:{&quot;unit&quot;:&quot;deg&quot;,&quot;size&quot;:&quot;&quot;,&quot;sizes&quot;:[]},&quot;_transform_rotateZ_effect_mobile&quot;:{&quot;unit&quot;:&quot;deg&quot;,&quot;size&quot;:&quot;&quot;,&quot;sizes&quot;:[]}}\" data-widget_type=\"divider.default\">\n\t\t\t\t<div class=\"elementor-widget-container\">\n\t\t\t\t\t<div class=\"elementor-divider\">\n\t\t\t<span class=\"elementor-divider-separator\">\n\t\t\t\t\t\t<\/span>\n\t\t<\/div>\n\t\t\t\t<\/div>\n\t\t\t\t<\/div>\n\t\t\t\t<div class=\"elementor-element elementor-element-434e269 e-transform elementor-widget-divider--view-line elementor-widget elementor-widget-divider\" data-id=\"434e269\" data-element_type=\"widget\" data-settings=\"{&quot;_transform_rotateZ_effect&quot;:{&quot;unit&quot;:&quot;px&quot;,&quot;size&quot;:-45,&quot;sizes&quot;:[]},&quot;_transform_rotateZ_effect_laptop&quot;:{&quot;unit&quot;:&quot;deg&quot;,&quot;size&quot;:&quot;&quot;,&quot;sizes&quot;:[]},&quot;_transform_rotateZ_effect_tablet_extra&quot;:{&quot;unit&quot;:&quot;deg&quot;,&quot;size&quot;:&quot;&quot;,&quot;sizes&quot;:[]},&quot;_transform_rotateZ_effect_tablet&quot;:{&quot;unit&quot;:&quot;deg&quot;,&quot;size&quot;:&quot;&quot;,&quot;sizes&quot;:[]},&quot;_transform_rotateZ_effect_mobile_extra&quot;:{&quot;unit&quot;:&quot;deg&quot;,&quot;size&quot;:&quot;&quot;,&quot;sizes&quot;:[]},&quot;_transform_rotateZ_effect_mobile&quot;:{&quot;unit&quot;:&quot;deg&quot;,&quot;size&quot;:&quot;&quot;,&quot;sizes&quot;:[]}}\" data-widget_type=\"divider.default\">\n\t\t\t\t<div class=\"elementor-widget-container\">\n\t\t\t\t\t<div class=\"elementor-divider\">\n\t\t\t<span class=\"elementor-divider-separator\">\n\t\t\t\t\t\t<\/span>\n\t\t<\/div>\n\t\t\t\t<\/div>\n\t\t\t\t<\/div>\n\t\t\t\t<\/div>\n\t\t\t\t\t<\/div>\n\t\t\t\t<\/div>\n\t\t<div class=\"elementor-element elementor-element-091f750 e-flex e-con-boxed e-con e-parent\" data-id=\"091f750\" data-element_type=\"container\" data-settings=\"{&quot;background_background&quot;:&quot;classic&quot;,&quot;jet_parallax_layout_list&quot;:[]}\">\n\t\t\t\t\t<div class=\"e-con-inner\">\n\t\t\t\t<div class=\"elementor-element elementor-element-6cd8f20 elementor-widget elementor-widget-heading\" data-id=\"6cd8f20\" data-element_type=\"widget\" data-widget_type=\"heading.default\">\n\t\t\t\t<div class=\"elementor-widget-container\">\n\t\t\t<div class=\"elementor-heading-title elementor-size-default\">Flat rates for deprivation<\/div>\t\t<\/div>\n\t\t\t\t<\/div>\n\t\t\t\t<div class=\"elementor-element elementor-element-1cc890f elementor-widget elementor-widget-heading\" data-id=\"1cc890f\" data-element_type=\"widget\" data-widget_type=\"heading.default\">\n\t\t\t\t<div class=\"elementor-widget-container\">\n\t\t\t<h2 class=\"elementor-heading-title elementor-size-default\">Up to 38 covers per vehicle<\/h2>\t\t<\/div>\n\t\t\t\t<\/div>\n\t\t<div class=\"elementor-element elementor-element-b914279 e-con-full e-flex e-con e-child\" data-id=\"b914279\" data-element_type=\"container\" data-settings=\"{&quot;jet_parallax_layout_list&quot;:[]}\">\n\t\t\t\t<div class=\"elementor-element elementor-element-80b28b3 elementor-widget__width-initial elementor-view-default elementor-position-top elementor-mobile-position-top elementor-widget elementor-widget-icon-box\" data-id=\"80b28b3\" data-element_type=\"widget\" data-widget_type=\"icon-box.default\">\n\t\t\t\t<div class=\"elementor-widget-container\">\n\t\t\t\t\t<div class=\"elementor-icon-box-wrapper\">\n\n\t\t\t\t\t\t<div class=\"elementor-icon-box-icon\">\n\t\t\t\t<span  class=\"elementor-icon elementor-animation-\">\n\t\t\t\t<i aria-hidden=\"true\" class=\"fas fa-sun\"><\/i>\t\t\t\t<\/span>\n\t\t\t<\/div>\n\t\t\t\n\t\t\t\t\t\t<div class=\"elementor-icon-box-content\">\n\n\t\t\t\t\t\t\t\t\t<h3 class=\"elementor-icon-box-title\">\n\t\t\t\t\t\t<span  >\n\t\t\t\t\t\t\t4 000\u20ac <small>INCL. VAT<\/small> for lunch\t\t\t\t\t\t<\/span>\n\t\t\t\t\t<\/h3>\n\t\t\t\t\n\t\t\t\t\t\t\t\t\t<p class=\"elementor-icon-box-description\">\n\t\t\t\t\t\tTaxes and service charges included\t\t\t\t\t<\/p>\n\t\t\t\t\n\t\t\t<\/div>\n\t\t\t\n\t\t<\/div>\n\t\t\t\t<\/div>\n\t\t\t\t<\/div>\n\t\t\t\t<div class=\"elementor-element elementor-element-3d77afa elementor-widget__width-initial elementor-view-default elementor-position-top elementor-mobile-position-top elementor-widget elementor-widget-icon-box\" data-id=\"3d77afa\" data-element_type=\"widget\" data-widget_type=\"icon-box.default\">\n\t\t\t\t<div class=\"elementor-widget-container\">\n\t\t\t\t\t<div class=\"elementor-icon-box-wrapper\">\n\n\t\t\t\t\t\t<div class=\"elementor-icon-box-icon\">\n\t\t\t\t<span  class=\"elementor-icon elementor-animation-\">\n\t\t\t\t<i aria-hidden=\"true\" class=\"fas fa-moon\"><\/i>\t\t\t\t<\/span>\n\t\t\t<\/div>\n\t\t\t\n\t\t\t\t\t\t<div class=\"elementor-icon-box-content\">\n\n\t\t\t\t\t\t\t\t\t<h3 class=\"elementor-icon-box-title\">\n\t\t\t\t\t\t<span  >\n\t\t\t\t\t\t\t6 000\u20ac <small>INCL. VAT<\/small> for dinner\t\t\t\t\t\t<\/span>\n\t\t\t\t\t<\/h3>\n\t\t\t\t\n\t\t\t\t\t\t\t\t\t<p class=\"elementor-icon-box-description\">\n\t\t\t\t\t\tTaxes and service charges included\t\t\t\t\t<\/p>\n\t\t\t\t\n\t\t\t<\/div>\n\t\t\t\n\t\t<\/div>\n\t\t\t\t<\/div>\n\t\t\t\t<\/div>\n\t\t\t\t<\/div>\n\t\t\t\t\t<\/div>\n\t\t\t\t<\/div>\n\t\t<div class=\"elementor-element elementor-element-bafb800 e-flex e-con-boxed e-con e-parent\" data-id=\"bafb800\" data-element_type=\"container\" data-settings=\"{&quot;background_background&quot;:&quot;classic&quot;,&quot;jet_parallax_layout_list&quot;:[]}\">\n\t\t\t\t\t<div class=\"e-con-inner\">\n\t\t<div class=\"elementor-element elementor-element-8575a0a e-con-full e-flex e-con e-child\" data-id=\"8575a0a\" data-element_type=\"container\" data-settings=\"{&quot;background_background&quot;:&quot;classic&quot;,&quot;jet_parallax_layout_list&quot;:[]}\">\n\t\t\t\t<div class=\"elementor-element elementor-element-b7fa971 elementor-mobile-align-center elementor-align-center elementor-widget-mobile_extra__width-initial elementor-icon-list--layout-traditional elementor-list-item-link-full_width elementor-widget elementor-widget-icon-list\" data-id=\"b7fa971\" data-element_type=\"widget\" data-widget_type=\"icon-list.default\">\n\t\t\t\t<div class=\"elementor-widget-container\">\n\t\t\t\t\t<ul class=\"elementor-icon-list-items\">\n\t\t\t\t\t\t\t<li class=\"elementor-icon-list-item\">\n\t\t\t\t\t\t\t\t\t\t<span class=\"elementor-icon-list-text\">To request a quotation, please send us an email<\/span>\n\t\t\t\t\t\t\t\t\t<\/li>\n\t\t\t\t\t\t<\/ul>\n\t\t\t\t<\/div>\n\t\t\t\t<\/div>\n\t\t\t\t<div class=\"elementor-element elementor-element-60d556a elementor-mobile-align-justify elementor-widget elementor-widget-button\" data-id=\"60d556a\" data-element_type=\"widget\" data-widget_type=\"button.default\">\n\t\t\t\t<div class=\"elementor-widget-container\">\n\t\t\t\t\t<div class=\"elementor-button-wrapper\">\n\t\t\t<a class=\"elementor-button elementor-button-link elementor-size-sm\" href=\"mailto:london@bustronome.com\" target=\"_blank\">\n\t\t\t\t\t\t<span class=\"elementor-button-content-wrapper\">\n\t\t\t\t\t\t\t\t\t<span class=\"elementor-button-text\">london@bustronome.com<\/span>\n\t\t\t\t\t<\/span>\n\t\t\t\t\t<\/a>\n\t\t<\/div>\n\t\t\t\t<\/div>\n\t\t\t\t<\/div>\n\t\t\t\t<\/div>\n\t\t\t\t\t<\/div>\n\t\t\t\t<\/div>\n\t\t<div class=\"elementor-element elementor-element-9b7e4ae e-flex e-con-boxed e-con e-parent\" data-id=\"9b7e4ae\" data-element_type=\"container\" data-settings=\"{&quot;background_background&quot;:&quot;classic&quot;,&quot;jet_parallax_layout_list&quot;:[]}\">\n\t\t\t\t\t<div class=\"e-con-inner\">\n\t\t\t\t<div class=\"elementor-element elementor-element-f8d7e87 elementor-widget elementor-widget-heading\" data-id=\"f8d7e87\" data-element_type=\"widget\" data-widget_type=\"heading.default\">\n\t\t\t\t<div class=\"elementor-widget-container\">\n\t\t\t<div class=\"elementor-heading-title elementor-size-default\">SOME CUSTOMERS<\/div>\t\t<\/div>\n\t\t\t\t<\/div>\n\t\t\t\t<div class=\"elementor-element elementor-element-2dbc9c9 elementor-widget elementor-widget-heading\" data-id=\"2dbc9c9\" data-element_type=\"widget\" data-widget_type=\"heading.default\">\n\t\t\t\t<div class=\"elementor-widget-container\">\n\t\t\t<h2 class=\"elementor-heading-title elementor-size-default\">They put their trust in <i>Bustronome<\/i><\/h2>\t\t<\/div>\n\t\t\t\t<\/div>\n\t\t\t\t<div class=\"elementor-element elementor-element-f981bbf elementor-widget elementor-widget-image-carousel\" data-id=\"f981bbf\" data-element_type=\"widget\" data-settings=\"{&quot;slides_to_show_mobile&quot;:&quot;3&quot;,&quot;navigation&quot;:&quot;none&quot;,&quot;slides_to_show&quot;:&quot;6&quot;,&quot;slides_to_show_laptop&quot;:&quot;4&quot;,&quot;image_spacing_custom&quot;:{&quot;unit&quot;:&quot;px&quot;,&quot;size&quot;:75,&quot;sizes&quot;:[]},&quot;slides_to_show_tablet&quot;:&quot;4&quot;,&quot;image_spacing_custom_mobile&quot;:{&quot;unit&quot;:&quot;px&quot;,&quot;size&quot;:50,&quot;sizes&quot;:[]},&quot;autoplay_speed&quot;:2000,&quot;image_spacing_custom_laptop&quot;:{&quot;unit&quot;:&quot;px&quot;,&quot;size&quot;:150,&quot;sizes&quot;:[]},&quot;slides_to_show_tablet_extra&quot;:&quot;4&quot;,&quot;image_spacing_custom_tablet_extra&quot;:{&quot;unit&quot;:&quot;px&quot;,&quot;size&quot;:100,&quot;sizes&quot;:[]},&quot;autoplay&quot;:&quot;yes&quot;,&quot;pause_on_hover&quot;:&quot;yes&quot;,&quot;pause_on_interaction&quot;:&quot;yes&quot;,&quot;infinite&quot;:&quot;yes&quot;,&quot;speed&quot;:500,&quot;image_spacing_custom_tablet&quot;:{&quot;unit&quot;:&quot;px&quot;,&quot;size&quot;:&quot;&quot;,&quot;sizes&quot;:[]},&quot;image_spacing_custom_mobile_extra&quot;:{&quot;unit&quot;:&quot;px&quot;,&quot;size&quot;:&quot;&quot;,&quot;sizes&quot;:[]}}\" data-widget_type=\"image-carousel.default\">\n\t\t\t\t<div class=\"elementor-widget-container\">\n\t\t\t\t\t<div class=\"elementor-image-carousel-wrapper swiper\" dir=\"ltr\">\n\t\t\t<div class=\"elementor-image-carousel swiper-wrapper\" aria-live=\"off\">\n\t\t\t\t\t\t\t\t<div class=\"swiper-slide\" role=\"group\" aria-roledescription=\"slide\" aria-label=\"1 of 9\"><figure class=\"swiper-slide-inner\"><img decoding=\"async\" class=\"swiper-slide-image\" src=\"https:\/\/test.bustronome.com\/wp-content\/uploads\/2024\/06\/0002_Mastercard-logo.svg.jpg\" alt=\"_0002_Mastercard-logo.svg\" \/><\/figure><\/div><div class=\"swiper-slide\" role=\"group\" aria-roledescription=\"slide\" aria-label=\"2 of 9\"><figure class=\"swiper-slide-inner\"><img decoding=\"async\" class=\"swiper-slide-image\" src=\"https:\/\/test.bustronome.com\/wp-content\/uploads\/2024\/06\/0005_BNP-Paribas-Logo.jpg\" alt=\"_0005_BNP-Paribas-Logo\" \/><\/figure><\/div><div class=\"swiper-slide\" role=\"group\" aria-roledescription=\"slide\" aria-label=\"3 of 9\"><figure class=\"swiper-slide-inner\"><img decoding=\"async\" class=\"swiper-slide-image\" src=\"https:\/\/test.bustronome.com\/wp-content\/uploads\/2024\/06\/0000_Bouygues_logo.svg.jpg\" alt=\"_0000_Bouygues_logo.svg\" \/><\/figure><\/div><div class=\"swiper-slide\" role=\"group\" aria-roledescription=\"slide\" aria-label=\"4 of 9\"><figure class=\"swiper-slide-inner\"><img decoding=\"async\" class=\"swiper-slide-image\" src=\"https:\/\/test.bustronome.com\/wp-content\/uploads\/2024\/06\/0001_Logo_Vinci.svg.jpg\" alt=\"_0001_Logo_Vinci.svg\" \/><\/figure><\/div><div class=\"swiper-slide\" role=\"group\" aria-roledescription=\"slide\" aria-label=\"5 of 9\"><figure class=\"swiper-slide-inner\"><img decoding=\"async\" class=\"swiper-slide-image\" src=\"https:\/\/test.bustronome.com\/wp-content\/uploads\/2024\/06\/0004_Embleme-Carrefour.jpg\" alt=\"_0004_Embl\u00e8me-Carrefour\" \/><\/figure><\/div><div class=\"swiper-slide\" role=\"group\" aria-roledescription=\"slide\" aria-label=\"6 of 9\"><figure class=\"swiper-slide-inner\"><img decoding=\"async\" class=\"swiper-slide-image\" src=\"https:\/\/test.bustronome.com\/wp-content\/uploads\/2024\/06\/0006_logo.jpg\" alt=\"_0006_logo\" \/><\/figure><\/div><div class=\"swiper-slide\" role=\"group\" aria-roledescription=\"slide\" aria-label=\"7 of 9\"><figure class=\"swiper-slide-inner\"><img decoding=\"async\" class=\"swiper-slide-image\" src=\"https:\/\/test.bustronome.com\/wp-content\/uploads\/2024\/06\/0007_images.jpg\" alt=\"_0007_images\" \/><\/figure><\/div><div class=\"swiper-slide\" role=\"group\" aria-roledescription=\"slide\" aria-label=\"8 of 9\"><figure class=\"swiper-slide-inner\"><img decoding=\"async\" class=\"swiper-slide-image\" src=\"https:\/\/test.bustronome.com\/wp-content\/uploads\/2024\/06\/0008_1200px-Veolia_logo.svg.jpg\" alt=\"_0008_1200px-Veolia_logo.svg\" \/><\/figure><\/div><div class=\"swiper-slide\" role=\"group\" aria-roledescription=\"slide\" aria-label=\"9 of 9\"><figure class=\"swiper-slide-inner\"><img decoding=\"async\" class=\"swiper-slide-image\" src=\"https:\/\/test.bustronome.com\/wp-content\/uploads\/2024\/06\/0009_Lagardere_logo.svg.jpg\" alt=\"_0009_Lagard\u00e8re_logo.svg\" \/><\/figure><\/div>\t\t\t<\/div>\n\t\t\t\t\t\t\t\n\t\t\t\t\t\t\t\t\t<\/div>\n\t\t\t\t<\/div>\n\t\t\t\t<\/div>\n\t\t\t\t\t<\/div>\n\t\t\t\t<\/div>\n\t\t\t\t<\/div>","protected":false},"excerpt":{"rendered":"<p>PRIVATISER LE BUSTRONOME Un voyage gastronomique hors norme, rien que pour vous Personnalis\u00e9 pour satisfaire vos besoins Visite de Londres pour Groupes, Anniversaires, Conf\u00e9rence insolite, Mariages\u2026 Vous pouvez choisir votre propre point de d\u00e9part et d&rsquo;arriv\u00e9e n&rsquo;importe o\u00f9 dans le centre de Londres. Chaque d\u00e9tail de votre visite peut \u00eatre adapt\u00e9 \u00e0 votre style et [&hellip;]<\/p>","protected":false},"author":1,"featured_media":0,"parent":3220,"menu_order":0,"comment_status":"closed","ping_status":"closed","template":"elementor_header_footer","meta":{"footnotes":""},"class_list":["post-3258","page","type-page","status-publish","hentry"],"_links":{"self":[{"href":"https:\/\/test.bustronome.com\/en\/wp-json\/wp\/v2\/pages\/3258","targetHints":{"allow":["GET"]}}],"collection":[{"href":"https:\/\/test.bustronome.com\/en\/wp-json\/wp\/v2\/pages"}],"about":[{"href":"https:\/\/test.bustronome.com\/en\/wp-json\/wp\/v2\/types\/page"}],"author":[{"embeddable":true,"href":"https:\/\/test.bustronome.com\/en\/wp-json\/wp\/v2\/users\/1"}],"replies":[{"embeddable":true,"href":"https:\/\/test.bustronome.com\/en\/wp-json\/wp\/v2\/comments?post=3258"}],"version-history":[{"count":5,"href":"https:\/\/test.bustronome.com\/en\/wp-json\/wp\/v2\/pages\/3258\/revisions"}],"predecessor-version":[{"id":3643,"href":"https:\/\/test.bustronome.com\/en\/wp-json\/wp\/v2\/pages\/3258\/revisions\/3643"}],"up":[{"embeddable":true,"href":"https:\/\/test.bustronome.com\/en\/wp-json\/wp\/v2\/pages\/3220"}],"wp:attachment":[{"href":"https:\/\/test.bustronome.com\/en\/wp-json\/wp\/v2\/media?parent=3258"}],"curies":[{"name":"wp","href":"https:\/\/api.w.org\/{rel}","templated":true}]}}